{"id":5387,"date":"2021-02-01T18:19:48","date_gmt":"2021-02-01T16:19:48","guid":{"rendered":"https:\/\/open365.fi\/?page_id=5387"},"modified":"2026-04-06T17:05:36","modified_gmt":"2026-04-06T15:05:36","slug":"gdpr-tietosuojaseloste","status":"publish","type":"page","link":"https:\/\/open365.fi\/?page_id=5387","title":{"rendered":"Tietosuojaseloste-GDPR"},"content":{"rendered":"<div class=\"brz-root__container brz-reset-all brz brz-root__container-page\">\n<section id=\"_howagrofaeadcobxikzyywygczupblqawwxh\" class=\"brz-section brz-css-1oiz30z\">\n<div class=\"brz-section__content brz-section--boxed brz-css-1ydaog0 brz-css-6n75x5\" data-brz-custom-id=\"jvuoeddoyjblkfndquueronzaewdxabxgyrg\">\n<div class=\"brz-bg\">\n<div class=\"brz-bg-image\"><\/div>\n<\/div>\n<div class=\"brz-container brz-css-bnzu7p brz-css-1itls24\">\n<div class=\"brz-row__container brz-css-bnlhwg\" data-brz-custom-id=\"nkglfadwfbyjxzqeudsedvkjndhdekfpjvua\">\n<div class=\"brz-bg\"><\/div>\n<div class=\"brz-row brz-css-1prja41\">\n<div class=\"brz-columns brz-css-pk41ie brz-css-ehmqup\" data-brz-custom-id=\"hzvmrjepbpcstzimaflldravhdsdtwvqtxxo\">\n<div class=\"brz-bg\"><\/div>\n<div class=\"brz-column__items brz-css-147pkl0 brz-css-auojsm\">\n<div id=\"\" class=\"brz-css-1jcyfe6 brz-wrapper\">\n<div class=\"brz-rich-text brz-rich-text__custom brz-css-14ct2n6\" data-brz-custom-id=\"xtbifbjirolngokrraybycsfotwubapqtekf\">\n<div data-brz-translate-text=\"1\">\n<h3 class=\"brz-text-lg-center brz-lh-lg-1_4 brz-lh-sm-im-1_3 brz-lh-xs-im-1_3 brz-fs-lg-28 brz-fs-sm-im-27 brz-fs-xs-im-22 brz-ls-lg-m_1_5 brz-ls-sm-im-m_1 brz-ls-xs-im-m_0_5 brz-ff-nunito brz-ft-google brz-fw-lg-700 brz-fw-sm-im-700 brz-fw-xs-im-700 brz-css-piE7U\"><span class=\"brz-cp-color2\">Tietosuojaseloste &#8211; GDPR<\/span><\/h3>\n<\/div>\n<\/div>\n<\/div>\n<div id=\"\" class=\"brz-css-1jcyfe6 brz-wrapper\">\n<div class=\"brz-rich-text brz-rich-text__custom brz-css-14ct2n6\" data-brz-custom-id=\"npazurcctgjenijikcvfpwrcjurnlnegkbhg\">\n<div data-brz-translate-text=\"1\">\n<p class=\"brz-fs-xs-im-19 brz-fs-sm-im-19 brz-fs-lg-18 brz-bcp-color7 brz-tp-paragraph brz-css-sNXQx\"><strong class=\"brz-cp-color2\">1. Rekisterin pit\u00e4j\u00e4 valvoo antamiasi tietoja ja on vastuussa henkil\u00f6tiedoista tietosuojalain mukaisesti<\/strong><\/p>\n<p class=\"brz-fs-xs-im-19 brz-fs-sm-im-19 brz-fs-lg-18 brz-bcp-color7 brz-tp-paragraph brz-css-ochVM\"><span class=\"brz-cp-color2\">Rekisterin pit\u00e4j\u00e4<\/span><\/p>\n<p class=\"brz-fs-xs-im-19 brz-fs-sm-im-19 brz-fs-lg-18 brz-bcp-color7 brz-tp-paragraph brz-css-pekGj\"><span class=\"brz-cp-color7\">DevNull Oy<\/span><\/p>\n<p class=\"brz-fs-xs-im-19 brz-fs-sm-im-19 brz-fs-lg-18 brz-tp-paragraph brz-css-bKxDv\"><span class=\"brz-cp-color7\">PL 79<\/span><\/p>\n<p class=\"brz-fs-xs-im-19 brz-fs-sm-im-19 brz-fs-lg-18 brz-tp-paragraph brz-css-kDTid\"><span class=\"brz-cp-color7\">02231 Espoo<\/span><\/p>\n<p class=\"brz-fs-xs-im-19 brz-fs-sm-im-19 brz-fs-lg-18 brz-fw-xs-im-400 brz-fw-sm-im-400 brz-fw-lg-400 brz-ft-google brz-ff-nunito brz-ls-xs-im-0 brz-ls-sm-im-0 brz-ls-lg-0 brz-lh-xs-im-1_6 brz-lh-sm-im-1_6 brz-lh-lg-1_9 brz-css-fKh18\"><span class=\"brz-cp-color7\">Y-tunnus: FI24504887<\/span><\/p>\n<p class=\"brz-fs-xs-im-19 brz-fs-sm-im-19 brz-fs-lg-18 brz-tp-paragraph brz-css-zv3x0\"><span class=\"brz-cp-color7\"> <\/span><\/p>\n<p class=\"brz-fs-xs-im-19 brz-fs-sm-im-19 brz-fs-lg-18 brz-tp-paragraph brz-css-sjqF5\"><strong class=\"brz-cp-color2\">2. Rekisteriasioista vastaava henkil\u00f6 ja\/tai yhteyshenkil\u00f6<\/strong><\/p>\n<p class=\"brz-fs-xs-im-19 brz-fs-sm-im-19 brz-fs-lg-18 brz-tp-paragraph brz-css-w_NB7\"><span class=\"brz-cp-color7\">Kimmo Hedman<\/span><\/p>\n<p class=\"brz-fs-xs-im-19 brz-fs-sm-im-19 brz-fs-lg-18 brz-tp-paragraph brz-css-lGVxF\"><span class=\"brz-cp-color7\">Puh. 09-4289 0240<\/span><\/p>\n<p class=\"brz-fs-xs-im-19 brz-fs-sm-im-19 brz-fs-lg-18 brz-tp-paragraph brz-css-rhppX\"><span class=\"brz-cp-color7\">Email: kimmo.hedman(\u00e4t)devnull.fi<\/span><\/p>\n<p class=\"brz-fs-xs-im-19 brz-fs-sm-im-19 brz-fs-lg-18 brz-tp-paragraph brz-css-sw_s9\"><span class=\"brz-cp-color7\"> <\/span><\/p>\n<p class=\"brz-fs-xs-im-19 brz-fs-sm-im-19 brz-fs-lg-18 brz-tp-paragraph brz-css-cAYLV\"><strong class=\"brz-cp-color2\">3. Rekisterin nimi<\/strong><\/p>\n<p class=\"brz-fs-xs-im-19 brz-fs-sm-im-19 brz-fs-lg-18 brz-tp-paragraph brz-css-l0Tuw\"><span class=\"brz-cp-color7\">Asiakasrekisteri<\/span><\/p>\n<p class=\"brz-fs-xs-im-19 brz-fs-sm-im-19 brz-fs-lg-18 brz-tp-paragraph brz-css-qYFg7\"><span class=\"brz-cp-color7\"> <\/span><\/p>\n<p class=\"brz-fs-xs-im-19 brz-fs-sm-im-19 brz-fs-lg-18 brz-tp-paragraph brz-css-hR5tA\"><strong class=\"brz-cp-color2\">4. Oikeusperuste ja henkil\u00f6tietojen k\u00e4sittelyn tarkoitus<\/strong><\/p>\n<p class=\"brz-fs-xs-im-19 brz-fs-sm-im-19 brz-fs-lg-18 brz-tp-paragraph brz-css-jCTbq\"><span class=\"brz-cp-color7\">EU:n yleisen tietosuoja-asetuksen mukainen oikeusperuste henkil\u00f6tietojen k\u00e4sittelylle on asiakassuhde, jossa asiakas on itse luovuttanut tietonsa DevNull Oy:lle.<\/span><\/p>\n<p class=\"brz-fs-xs-im-19 brz-fs-sm-im-19 brz-fs-lg-18 brz-tp-paragraph brz-css-fhVzN\"><span class=\"brz-cp-color7\">Henkil\u00f6tietojen k\u00e4sittelyn tarkoitus on yhteydenpito asiakkaisiin, asiakassuhteen yll\u00e4pito sek\u00e4 tilausten toimittaminen asiakkaille.<\/span><\/p>\n<p class=\"brz-fs-xs-im-19 brz-fs-sm-im-19 brz-fs-lg-18 brz-tp-paragraph brz-css-fjm2Y\"><span class=\"brz-cp-color7\">Tietoja ei k\u00e4ytet\u00e4 automatisoituun p\u00e4\u00e4t\u00f6ksentekoon tai profilointiin. <\/span><\/p>\n<p class=\"brz-fs-xs-im-19 brz-fs-sm-im-19 brz-fs-lg-18 brz-tp-paragraph brz-css-gb5zu\"><span class=\"brz-cp-color7\"> <\/span><\/p>\n<p class=\"brz-fs-xs-im-19 brz-fs-sm-im-19 brz-fs-lg-18 brz-tp-paragraph brz-css-knX3j\"><strong class=\"brz-cp-color2\">5. Mit\u00e4 tietoja ker\u00e4\u00e4mme<\/strong><\/p>\n<p class=\"brz-fs-xs-im-19 brz-fs-sm-im-19 brz-fs-lg-18 brz-tp-paragraph brz-css-b30ci\"><span class=\"brz-cp-color7\">Ker\u00e4\u00e4mme seuraavia henkil\u00f6tietoja:<\/span><\/p>\n<p class=\"brz-fs-xs-im-19 brz-fs-sm-im-19 brz-fs-lg-18 brz-tp-paragraph brz-css-iaVLT\"><span class=\"brz-cp-color7\">Nimi<\/span><\/p>\n<p class=\"brz-fs-xs-im-19 brz-fs-sm-im-19 brz-fs-lg-18 brz-tp-paragraph brz-css-lDmr_\"><span class=\"brz-cp-color7\">Osoite<\/span><\/p>\n<p class=\"brz-fs-xs-im-19 brz-fs-sm-im-19 brz-fs-lg-18 brz-tp-paragraph brz-css-ti8KX\"><span class=\"brz-cp-color7\">Puhelinnumero<\/span><\/p>\n<p class=\"brz-fs-xs-im-19 brz-fs-sm-im-19 brz-fs-lg-18 brz-tp-paragraph brz-css-zGrM7\"><span class=\"brz-cp-color7\">S\u00e4hk\u00f6postiosoite<\/span><\/p>\n<p class=\"brz-fs-xs-im-19 brz-fs-sm-im-19 brz-fs-lg-18 brz-tp-paragraph brz-css-p56FB\"><span class=\"brz-cp-color7\">Y-tunnus \/ Henkil\u00f6tunnus<\/span><\/p>\n<p class=\"brz-fs-xs-im-19 brz-fs-sm-im-19 brz-fs-lg-18 brz-tp-paragraph brz-css-qNBOk\"><span class=\"brz-cp-color7\">Tilaushistoria<\/span><\/p>\n<p class=\"brz-fs-xs-im-19 brz-fs-sm-im-19 brz-fs-lg-18 brz-tp-paragraph brz-css-jfKTs\"><span class=\"brz-cp-color7\">IP-osoite<\/span><\/p>\n<p class=\"brz-fs-xs-im-19 brz-fs-sm-im-19 brz-fs-lg-18 brz-tp-paragraph brz-css-xUVSU\"><span class=\"brz-cp-color7\"> <\/span><\/p>\n<p class=\"brz-fs-xs-im-19 brz-fs-sm-im-19 brz-fs-lg-18 brz-tp-paragraph brz-css-gCHCB\"><strong class=\"brz-cp-color2\">6. S\u00e4\u00e4nn\u00f6nmukaiset tietol\u00e4hteet<\/strong><\/p>\n<p class=\"brz-fs-xs-im-19 brz-fs-sm-im-19 brz-fs-lg-18 brz-tp-paragraph brz-css-dKkt0\"><span class=\"brz-cp-color7\">Rekisteriin tallennettavat tiedot saadaan asiakkaalta tilauksen yhteydess\u00e4, s\u00e4hk\u00f6isill\u00e4 verkkokaupan rekister\u00f6itymis- ja tiedustelulomakkeilla, s\u00e4hk\u00f6postitse, puhelimitse, sosiaalisen median palvelujen kautta, sopimuksista, asiakastapaamisista ja muista tilanteista, joissa asiakas luovuttaa tietojaan.<\/span><\/p>\n<p class=\"brz-fs-xs-im-19 brz-fs-sm-im-19 brz-fs-lg-18 brz-tp-paragraph brz-css-fJ1eG\"><span class=\"brz-cp-color7\"> <\/span><\/p>\n<p class=\"brz-fs-xs-im-19 brz-fs-sm-im-19 brz-fs-lg-18 brz-tp-paragraph brz-css-rmLT5\"><strong class=\"brz-cp-color2\">7. Tietojen s\u00e4\u00e4nn\u00f6nmukaiset luovutukset ja tietojen siirto EU:n tai ETA:n ulkopuolelle<\/strong><\/p>\n<p class=\"brz-fs-xs-im-19 brz-fs-sm-im-19 brz-fs-lg-18 brz-tp-paragraph brz-css-jfwnc\"><span class=\"brz-cp-color7\">Tietoja ei luovuteta s\u00e4\u00e4nn\u00f6nmukaisesti muille tahoille tai EU:n tai ETA:n ulkopuolelle, ellei se ole DevNull Oy:n tai sen yhteisty\u00f6kumppanin teknisen toteutuksen varmistamiseksi tarpeellista. Voimassa olevan lains\u00e4\u00e4d\u00e4nn\u00f6n edellytt\u00e4min tavoin tietoja voidaan luovuttaa viranomaisille.<\/span><\/p>\n<p class=\"brz-fs-xs-im-19 brz-fs-sm-im-19 brz-fs-lg-18 brz-tp-paragraph brz-css-rAtYX\"><span class=\"brz-cp-color7\"> <\/span><\/p>\n<p class=\"brz-fs-xs-im-19 brz-fs-sm-im-19 brz-fs-lg-18 brz-tp-paragraph brz-css-qKfQS\"><strong class=\"brz-cp-color2\">8. Rekisterin suojauksen periaatteet<\/strong><\/p>\n<p class=\"brz-fs-xs-im-19 brz-fs-sm-im-19 brz-fs-lg-18 brz-tp-paragraph brz-css-q6T5Q\"><span class=\"brz-cp-color7\">Rekisterin k\u00e4sittelyss\u00e4 noudatetaan huolellisuutta ja tietoj\u00e4rjestelmien avulla k\u00e4sitelt\u00e4v\u00e4t tiedot suojataan asianmukaisesti. Rekisteritietoja s\u00e4ilytet\u00e4\u00e4n Internet-palvelimilla. Laitteiston fyysisest\u00e4 ja digitaalisesta tietoturvasta huolehditaan asiaankuuluvasti. Rekisterinpit\u00e4j\u00e4 huolehtii siit\u00e4, ett\u00e4 tallennettuja tietoja sek\u00e4 palvelimien k\u00e4ytt\u00f6oikeuksia ja muita henkil\u00f6tietojen turvallisuuden kannalta kriittisi\u00e4 tietoja k\u00e4sitell\u00e4\u00e4n luottamuksellisesti ja vain niiden ty\u00f6ntekij\u00f6iden toimesta, joiden ty\u00f6nkuvaan se kuuluu.<\/span><\/p>\n<p class=\"brz-fs-xs-im-19 brz-fs-sm-im-19 brz-fs-lg-18 brz-tp-paragraph brz-css-sM8UI\"><span class=\"brz-cp-color7\"> <\/span><\/p>\n<p class=\"brz-fs-xs-im-19 brz-fs-sm-im-19 brz-fs-lg-18 brz-tp-paragraph brz-css-jqs56\"><strong class=\"brz-cp-color2\">9. Asiakkaan oikeudet<\/strong><\/p>\n<p class=\"brz-fs-xs-im-19 brz-fs-sm-im-19 brz-fs-lg-18 brz-tp-paragraph brz-css-uyWqP\"><span class=\"brz-cp-color7\">Sinulla on oikeus saada kopio omista henkil\u00f6tiedoistasi, pyyt\u00e4\u00e4 virheellisten henkil\u00f6tietojen oikaisua sek\u00e4 puutteellisten henkil\u00f6tietojen t\u00e4ydennyst\u00e4. Sinulla on my\u00f6skin oikeus pyyt\u00e4\u00e4 meit\u00e4 poistamaan sinua koskevat henkil\u00f6tiedot, ellei niiden s\u00e4ilytys ole v\u00e4ltt\u00e4m\u00e4t\u00f6nt\u00e4 esimerkiksi kirjanpitolain mukaan. Sinulla on my\u00f6s oikeus kielt\u00e4\u00e4 suoramarkkinointi l\u00e4hett\u00e4m\u00e4ll\u00e4 meille s\u00e4hk\u00f6postia osoitteeseen tuki(\u00e4t)devnull.fi. Sinulla on my\u00f6s oikeus pyyt\u00e4\u00e4, ett\u00e4 rajoitamme henkil\u00f6tietojen k\u00e4sittely\u00e4 seuraavien tilanteiden aikana: Oikeutetun edun varmennuksen aikana. Virheellisten henkil\u00f6tietojen korjaamisen ja niiden oikeellisuuden tarkastuksen aikana. Sinulla on my\u00f6skin oikeus tehd\u00e4 valitus henkil\u00f6tietojen k\u00e4sittelyst\u00e4, jos niit\u00e4 k\u00e4sitell\u00e4\u00e4n mielest\u00e4si v\u00e4\u00e4rin. Voit my\u00f6s pyyt\u00e4\u00e4 meilt\u00e4 kopiot henkil\u00f6tiedoista, joita olemme ker\u00e4nneet. Kyseinen pyynt\u00f6 tulee tehd\u00e4 kirjallisesti ja toimittaa meille allekirjoituksellasi varustettuna. Ker\u00e4\u00e4m\u00e4mme tiedot ilmoitamme sinulle l\u00e4hett\u00e4m\u00e4ll\u00e4 ne postitse asiakasrekisteriss\u00e4mme olevaan osoitteeseen.<\/span><\/p>\n<p class=\"brz-fs-xs-im-19 brz-fs-sm-im-19 brz-fs-lg-18 brz-tp-paragraph brz-css-qIZDT\"><span class=\"brz-cp-color7\"> <\/span><\/p>\n<p class=\"brz-fs-xs-im-19 brz-fs-sm-im-19 brz-fs-lg-18 brz-tp-paragraph brz-css-gvuGc\"><strong class=\"brz-cp-color2\">10. Tietoturva<\/strong><\/p>\n<p class=\"brz-fs-xs-im-19 brz-fs-sm-im-19 brz-fs-lg-18 brz-tp-paragraph brz-css-sRvXy\"><span class=\"brz-cp-color7\">Meid\u00e4n verkkosivustomme on rakennettu tietoturvalliseksi. K\u00e4yt\u00e4mme suojattua SSL-yhteytt\u00e4, palomuureja ja sivustoon kirjautuminen on salasanojen ja k\u00e4ytt\u00e4j\u00e4tunnusten takana. Sivustolle suoritetaan s\u00e4\u00e4nn\u00f6lliset p\u00e4ivitykset, mik\u00e4 vahvistaa sivuston tietoturvaa.<\/span><\/p>\n<p class=\"brz-fs-xs-im-19 brz-fs-sm-im-19 brz-fs-lg-18 brz-tp-paragraph brz-css-j0VAw\"><span class=\"brz-cp-color7\"> <\/span><\/p>\n<p class=\"brz-fs-xs-im-19 brz-fs-sm-im-19 brz-fs-lg-18 brz-tp-paragraph brz-css-mqMbs\"><strong class=\"brz-cp-color2\">11. Ev\u00e4steet<\/strong><\/p>\n<p class=\"brz-fs-xs-im-19 brz-fs-sm-im-19 brz-fs-lg-18 brz-fw-xs-im-400 brz-fw-sm-im-400 brz-fw-lg-400 brz-ft-google brz-ff-nunito brz-ls-xs-im-0 brz-ls-sm-im-0 brz-ls-lg-0 brz-lh-xs-im-1_6 brz-lh-sm-im-1_6 brz-lh-lg-1_9 brz-css-x_8Ra\"><span class=\"brz-cp-color7\">Ev\u00e4steet mahdollistavat esimerkiksi Google Analyticsin ja Facebookin markkinoinnin seurannan. N\u00e4iden tietojen avulla pyrimme parantamaan verkkosivustoamme ja kohdentamaan markkinointia onnistuneemmin. Ev\u00e4steet voi ottaa pois k\u00e4yt\u00f6st\u00e4 oman selaimesi asetuksista, jolloin k\u00e4ynti\u00e4si verkkosivustollamme ei voi seurata.<\/span><\/p>\n<p class=\"brz-fs-xs-im-19 brz-fs-sm-im-19 brz-fs-lg-18 brz-tp-paragraph brz-css-z7UTa\"><span class=\"brz-cp-color7\"> <\/span><\/p>\n<\/div>\n<\/div>\n<\/div>\n<\/div>\n<\/div>\n<\/div>\n<\/div>\n<\/div>\n<\/div>\n<\/section>\n<\/div>\n<p>    <!-- version:1736956213 --><\/p>\n","protected":false},"excerpt":{"rendered":"<p>Tietosuojaseloste &#8211; GDPR 1. Rekisterin pit\u00e4j\u00e4 valvoo antamiasi tietoja ja on vastuussa henkil\u00f6tiedoista tietosuojalain mukaisesti Rekisterin pit\u00e4j\u00e4 DevNull Oy PL 79 02231 Espoo Y-tunnus: FI24504887 2. Rekisteriasioista vastaava henkil\u00f6 ja\/tai yhteyshenkil\u00f6 Kimmo Hedman Puh. 09-4289 0240 Email: kimmo.hedman(\u00e4t)devnull.fi 3. Rekisterin nimi Asiakasrekisteri 4. Oikeusperuste ja henkil\u00f6tietojen k\u00e4sittelyn tarkoitus EU:n yleisen tietosuoja-asetuksen mukainen oikeusperuste henkil\u00f6tietojen k\u00e4sittelylle [&hellip;]<\/p>\n","protected":false},"author":2,"featured_media":0,"parent":0,"menu_order":0,"comment_status":"closed","ping_status":"closed","template":"brizy-blank-template.php","meta":{"footnotes":""},"class_list":["post-5387","page","type-page","status-publish","hentry"],"brizy_media":[{"id":637,"url":"https:\/\/open365.fi\/wp-content\/uploads\/2021\/01\/valkoinen_tausta.png","name":"valkoinen_tausta.png","meta":{"brizy_attachment_uid":"wp-c2858952aa3efb4f04e7090fa4bdfde2.png","brizy_post_uid":["f299b358fe166c4a137f1c70b39212e5","9ffe38928a04a5806a072b6f0a40db47","fdc5b470c7501b998137311c9a2e4d13"]}}],"_links":{"self":[{"href":"https:\/\/open365.fi\/index.php?rest_route=\/wp\/v2\/pages\/5387","targetHints":{"allow":["GET"]}}],"collection":[{"href":"https:\/\/open365.fi\/index.php?rest_route=\/wp\/v2\/pages"}],"about":[{"href":"https:\/\/open365.fi\/index.php?rest_route=\/wp\/v2\/types\/page"}],"author":[{"embeddable":true,"href":"https:\/\/open365.fi\/index.php?rest_route=\/wp\/v2\/users\/2"}],"replies":[{"embeddable":true,"href":"https:\/\/open365.fi\/index.php?rest_route=%2Fwp%2Fv2%2Fcomments&post=5387"}],"version-history":[{"count":22,"href":"https:\/\/open365.fi\/index.php?rest_route=\/wp\/v2\/pages\/5387\/revisions"}],"predecessor-version":[{"id":5745,"href":"https:\/\/open365.fi\/index.php?rest_route=\/wp\/v2\/pages\/5387\/revisions\/5745"}],"wp:attachment":[{"href":"https:\/\/open365.fi\/index.php?rest_route=%2Fwp%2Fv2%2Fmedia&parent=5387"}],"curies":[{"name":"wp","href":"https:\/\/api.w.org\/{rel}","templated":true}]}}